{"id":983,"date":"2024-04-14T19:40:43","date_gmt":"2024-04-14T19:40:43","guid":{"rendered":"https:\/\/localizationengineering.com\/?page_id=983"},"modified":"2024-04-14T19:40:43","modified_gmt":"2024-04-14T19:40:43","slug":"retail-e-commerce","status":"publish","type":"page","link":"https:\/\/localizzzcanada.com\/fr\/retail-e-commerce\/","title":{"rendered":"Vente et commerce \u00e9lectronique"},"content":{"rendered":"<p>[et_pb_section fb_built=&#8221;1&#8243; fullwidth=&#8221;on&#8221; _builder_version=&#8221;4.23&#8243; _module_preset=&#8221;default&#8221; global_colors_info=&#8221;{}&#8221;][et_pb_fullwidth_image src=&#8221;https:\/\/localizationengineering.com\/wp-content\/uploads\/2024\/04\/ecommerce.jpg&#8221; title_text=&#8221;ecommerce&#8221; _builder_version=&#8221;4.23&#8243; _module_preset=&#8221;default&#8221; animation_style=&#8221;fade&#8221; global_colors_info=&#8221;{}&#8221;][\/et_pb_fullwidth_image][\/et_pb_section][et_pb_section fb_built=&#8221;1&#8243; _builder_version=&#8221;4.23&#8243; _module_preset=&#8221;default&#8221; global_colors_info=&#8221;{}&#8221;][et_pb_row column_structure=&#8221;1_2,1_2&#8243; _builder_version=&#8221;4.23&#8243; _module_preset=&#8221;default&#8221; global_colors_info=&#8221;{}&#8221;][et_pb_column type=&#8221;1_2&#8243; _builder_version=&#8221;4.23&#8243; _module_preset=&#8221;default&#8221; global_colors_info=&#8221;{}&#8221;][et_pb_image src=&#8221;https:\/\/localizationengineering.com\/wp-content\/uploads\/2023\/10\/shopping-cart-1105047_1280.png&#8221; title_text=&#8221;shopping-cart-1105047_1280&#8243; _builder_version=&#8221;4.23&#8243; _module_preset=&#8221;default&#8221; global_colors_info=&#8221;{}&#8221;][\/et_pb_image][\/et_pb_column][et_pb_column type=&#8221;1_2&#8243; _builder_version=&#8221;4.23&#8243; _module_preset=&#8221;default&#8221; global_colors_info=&#8221;{}&#8221;][et_pb_text _builder_version=&#8221;4.23&#8243; _module_preset=&#8221;default&#8221; inline_fonts=&#8221;ABeeZee&#8221; global_colors_info=&#8221;{}&#8221;]<\/p>\n<p style=\"text-align: center;\"><span style=\"font-family: ABeeZee; font-size: xx-large;\">Vente et commerce \u00e9lectronique<\/span><\/p>\n<p>[\/et_pb_text][et_pb_text _builder_version=&#8221;4.23&#8243; _module_preset=&#8221;default&#8221; global_colors_info=&#8221;{}&#8221;]<\/p>\n<p style=\"text-align: center;\">Faites l'exp\u00e9rience  de services de traduction et de localisation \u00e0 la pointe de l'industrie, parfaits pour les projets de commerce \u00e9lectronique et de vente au d\u00e9tail.<\/p>\n<p style=\"text-align: center;\">Nous traduisons et localisons des descriptions de produit, des offres en ligne, des documents de marketing et des communications d'assistance client\u00e8le en nous assurant que tout le contenu est non seulement bien traduit, mais \u00e9galement adapt\u00e9 aux nuances culturelles et langagi\u00e8res du march\u00e9 cible.<\/p>\n<p>[\/et_pb_text][\/et_pb_column][\/et_pb_row][\/et_pb_section][et_pb_section fb_built=&#8221;1&#8243; admin_label=&#8221;Footer&#8221; _builder_version=&#8221;4.23&#8243; _module_preset=&#8221;default&#8221; background_color=&#8221;gcid-dfca0e9b-c2d5-4a0d-bd54-692f77707a05&#8243; use_background_color_gradient=&#8221;on&#8221; background_color_gradient_stops=&#8221;#faf6f5 30%|rgba(255,255,255,0) 30%&#8221; custom_padding=&#8221;||||false|false&#8221; saved_tabs=&#8221;all&#8221; collapsed=&#8221;on&#8221; global_colors_info=&#8221;{%22gcid-dfca0e9b-c2d5-4a0d-bd54-692f77707a05%22:%91%22background_color%22%93}&#8221;][et_pb_row _builder_version=&#8221;4.20.0&#8243; _module_preset=&#8221;default&#8221; background_color=&#8221;gcid-ad629ad7-29bc-4d34-a428-476c380868ee&#8221; custom_margin=&#8221;||30px||false|false&#8221; custom_padding=&#8221;60px|60px|60px|60px|true|true&#8221; border_radii=&#8221;on|10px|10px|10px|10px&#8221; global_colors_info=&#8221;{%22gcid-ad629ad7-29bc-4d34-a428-476c380868ee%22:%91%22background_color%22%93}&#8221;][et_pb_column type=&#8221;4_4&#8243; _builder_version=&#8221;4.20.0&#8243; _module_preset=&#8221;default&#8221; global_colors_info=&#8221;{}&#8221;][et_pb_image src=&#8221;https:\/\/localizationengineering.com\/wp-content\/uploads\/2023\/10\/flat-2126882_1280.png&#8221; title_text=&#8221;flat-2126882_1280&#8243; align=&#8221;center&#8221; _builder_version=&#8221;4.23&#8243; _module_preset=&#8221;default&#8221; max_height=&#8221;90px&#8221; global_colors_info=&#8221;{}&#8221;][\/et_pb_image][et_pb_text _builder_version=&#8221;4.20.0&#8243; _module_preset=&#8221;c92652eb-0492-497e-9907-5ee3aa78f04c&#8221; header_3_text_color=&#8221;#FFFFFF&#8221; text_orientation=&#8221;center&#8221; custom_margin=&#8221;||30px||false|false&#8221; locked=&#8221;off&#8221; inline_fonts=&#8221;ABeeZee&#8221; global_colors_info=&#8221;{}&#8221;]<\/p>\n<h3><span style=\"color: #3f3f3f; font-family: ABeeZee;\">Demandez-nous comment nous pouvons<\/span><\/h3>\n<h3><span style=\"color: #3f3f3f; font-family: ABeeZee;\">devenir une extension de votre \u00e9quipe.<\/span><\/h3>\n<p>[\/et_pb_text][et_pb_button button_url=&#8221;@ET-DC@eyJkeW5hbWljIjp0cnVlLCJjb250ZW50IjoicG9zdF9saW5rX3VybF9wYWdlIiwic2V0dGluZ3MiOnsicG9zdF9pZCI6IjQ5MyJ9fQ==@&#8221; button_text=&#8221;Request a Quote&#8221; button_alignment=&#8221;center&#8221; _builder_version=&#8221;4.23&#8243; _dynamic_attributes=&#8221;button_url&#8221; _module_preset=&#8221;default&#8221; custom_button=&#8221;on&#8221; button_text_color=&#8221;#FED5CB&#8221; animation_style=&#8221;bounce&#8221; box_shadow_style=&#8221;preset1&#8243; box_shadow_color=&#8221;#3F3F3F&#8221; global_colors_info=&#8221;{}&#8221;][\/et_pb_button][\/et_pb_column][\/et_pb_row][et_pb_row column_structure=&#8221;1_3,1_3,1_3&#8243; _builder_version=&#8221;4.23&#8243; _module_preset=&#8221;default&#8221; global_colors_info=&#8221;{}&#8221;][et_pb_column type=&#8221;1_3&#8243; _builder_version=&#8221;4.23&#8243; _module_preset=&#8221;default&#8221; global_colors_info=&#8221;{}&#8221;][et_pb_text _builder_version=&#8221;4.23&#8243; _module_preset=&#8221;default&#8221; global_colors_info=&#8221;{}&#8221;]<\/p>\n<p style=\"text-align: center;\"><span>\u00a9 <\/span><span class=\"hljs-number\">2021<\/span><span> Localizzz<\/span><\/p>\n<p>[\/et_pb_text][\/et_pb_column][et_pb_column type=&#8221;1_3&#8243; _builder_version=&#8221;4.23&#8243; _module_preset=&#8221;default&#8221; global_colors_info=&#8221;{}&#8221;][et_pb_text _builder_version=&#8221;4.23&#8243; _module_preset=&#8221;default&#8221; global_colors_info=&#8221;{}&#8221;]<\/p>\n<p style=\"text-align: center;\">120 Wellington streeet<\/p>\n<p style=\"text-align: center;\">Bureau 205<\/p>\n<p style=\"text-align: center;\"><span>London,<\/span><span class=\"hljs-keyword\">ON<\/span><span> N6B 2K6<\/span><\/p>\n<p style=\"text-align: center;\"><span>Canada<\/span><\/p>\n<p>[\/et_pb_text][\/et_pb_column][et_pb_column type=&#8221;1_3&#8243; _builder_version=&#8221;4.23&#8243; _module_preset=&#8221;default&#8221; global_colors_info=&#8221;{}&#8221;][et_pb_text _builder_version=&#8221;4.23&#8243; _module_preset=&#8221;default&#8221; global_colors_info=&#8221;{}&#8221;]<\/p>\n<p style=\"text-align: center;\"><span class=\"hljs-symbol\">Num\u00e9ro de t\u00e9l\u00e9phone :<\/span><span> +<\/span><span class=\"hljs-number\">1<\/span><span> (<\/span><span class=\"hljs-number\">226<\/span><span>)-<\/span><span class=\"hljs-number\">210<\/span><span>&#8211;<\/span><span class=\"hljs-number\">3010<\/span><\/p>\n<p>[\/et_pb_text][\/et_pb_column][\/et_pb_row][\/et_pb_section]<\/p>","protected":false},"excerpt":{"rendered":"<p>Retail &amp; e-CommerceExperience industry-leading translation and localization services tailored for e-commerce and retail. We translate and localize product descriptions, online listings, marketing materials, and customer support communications, ensuring that every piece of content is not only accurately translated but also culturally and linguistically adapted to meet the nuances of the target market.Ask us how we [&hellip;]<\/p>","protected":false},"author":1,"featured_media":0,"parent":0,"menu_order":0,"comment_status":"closed","ping_status":"closed","template":"","meta":{"_et_pb_use_builder":"on","_et_pb_old_content":"","_et_gb_content_width":"","footnotes":""},"class_list":["post-983","page","type-page","status-publish","hentry"],"_links":{"self":[{"href":"https:\/\/localizzzcanada.com\/fr\/wp-json\/wp\/v2\/pages\/983","targetHints":{"allow":["GET"]}}],"collection":[{"href":"https:\/\/localizzzcanada.com\/fr\/wp-json\/wp\/v2\/pages"}],"about":[{"href":"https:\/\/localizzzcanada.com\/fr\/wp-json\/wp\/v2\/types\/page"}],"author":[{"embeddable":true,"href":"https:\/\/localizzzcanada.com\/fr\/wp-json\/wp\/v2\/users\/1"}],"replies":[{"embeddable":true,"href":"https:\/\/localizzzcanada.com\/fr\/wp-json\/wp\/v2\/comments?post=983"}],"version-history":[{"count":0,"href":"https:\/\/localizzzcanada.com\/fr\/wp-json\/wp\/v2\/pages\/983\/revisions"}],"wp:attachment":[{"href":"https:\/\/localizzzcanada.com\/fr\/wp-json\/wp\/v2\/media?parent=983"}],"curies":[{"name":"wp","href":"https:\/\/api.w.org\/{rel}","templated":true}]}}