{"id":630,"date":"2023-10-29T02:42:05","date_gmt":"2023-10-29T02:42:05","guid":{"rendered":"https:\/\/localizationengineering.com\/?page_id=630"},"modified":"2023-10-29T02:42:05","modified_gmt":"2023-10-29T02:42:05","slug":"pro-bono","status":"publish","type":"page","link":"https:\/\/localizzzcanada.com\/fr\/pro-bono\/","title":{"rendered":"B\u00e9n\u00e9volat"},"content":{"rendered":"<p>[et_pb_section fb_built=&#8221;1&#8243; fullwidth=&#8221;on&#8221; _builder_version=&#8221;4.23&#8243; _module_preset=&#8221;default&#8221; global_colors_info=&#8221;{}&#8221;][et_pb_fullwidth_image src=&#8221;https:\/\/localizationengineering.com\/wp-content\/uploads\/2023\/10\/volunteer-2654004_1280.jpg&#8221; title_text=&#8221;volunteer-2654004_1280&#8243; _builder_version=&#8221;4.23&#8243; _module_preset=&#8221;default&#8221; animation_style=&#8221;bounce&#8221; global_colors_info=&#8221;{}&#8221;][\/et_pb_fullwidth_image][\/et_pb_section][et_pb_section fb_built=&#8221;1&#8243; _builder_version=&#8221;4.23&#8243; _module_preset=&#8221;default&#8221; global_colors_info=&#8221;{}&#8221; custom_padding=&#8221;||21px|||&#8221;][et_pb_row column_structure=&#8221;1_2,1_2&#8243; _builder_version=&#8221;4.23&#8243; _module_preset=&#8221;default&#8221; global_colors_info=&#8221;{}&#8221;][et_pb_column type=&#8221;1_2&#8243; _builder_version=&#8221;4.23&#8243; _module_preset=&#8221;default&#8221; global_colors_info=&#8221;{}&#8221;][et_pb_text _builder_version=&#8221;4.23&#8243; _module_preset=&#8221;default&#8221; inline_fonts=&#8221;ABeeZee&#8221; global_colors_info=&#8221;{}&#8221;]<\/p>\n<p style=\"text-align: center;\"><span style=\"font-family: ABeeZee; font-size: xx-large;\">Nous voulons aider<\/span><\/p>\n<p>[\/et_pb_text][et_pb_text _builder_version=&#8221;4.23&#8243; _module_preset=&#8221;default&#8221; global_colors_info=&#8221;{}&#8221;]<\/p>\n<p style=\"text-align: center;\">Nous sommes touch\u00e9es et touch\u00e9s, profond\u00e9ment.<\/p>\n<p style=\"text-align: center;\"><span>Nous nous engageons \u00e0 fournir des services de traduction de haute qualit\u00e9 qui s'alignent avec les valeurs de votre cause.<\/span><\/p>\n<p style=\"text-align: center;\"><span><\/span><\/p>\n<p style=\"text-align: center;\"><span>Nous sommes fi\u00e8res et fiers d'offrir des services de traduction B\u00c9N\u00c9VOLE afin d'encourager la communication et la disponibilit\u00e9 des services pour des causes ch\u00e8res \u00e0 nos c\u0153urs, y compris l'autonomisation des filles et des femmes, l'assistance aux enfants ayant un handicap visuel gr\u00e2ce \u00e0 de l'\u00e9ducation technologique et informatique, la d\u00e9fense de la justice sociale et le soutien des communaut\u00e9s neuroatypiques, et plus encore.<\/span><\/p>\n<p style=\"text-align: center;\">Si vous repr\u00e9sentez une organisation ou une initiative d\u00e9di\u00e9e \u00e0 l'une de ces causes importantes et que vous avez besoin de services de traduction b\u00e9n\u00e9voles, veuillez nous contacter. Travaillons ensemble pour avoir un impact durable gr\u00e2ce au pouvoir de la langue. Ensemble, nous pouvons cr\u00e9er un monde o\u00f9 les communications n'ont pas de fronti\u00e8res.<\/p>\n<p style=\"text-align: center;\">Chez Localizzz, nous ne traduisons pas que des mots; nous traduisons l'espoir, les possibilit\u00e9s et un avenir meilleur pour toutes et tous.<\/p>\n<p style=\"text-align: center;\">\n<p>[\/et_pb_text][\/et_pb_column][et_pb_column type=&#8221;1_2&#8243; _builder_version=&#8221;4.23&#8243; _module_preset=&#8221;default&#8221; global_colors_info=&#8221;{}&#8221;][et_pb_image src=&#8221;https:\/\/localizationengineering.com\/wp-content\/uploads\/2023\/10\/infinite-7846410_1280.png&#8221; title_text=&#8221;infinite-7846410_1280&#8243; _builder_version=&#8221;4.23&#8243; _module_preset=&#8221;default&#8221; global_colors_info=&#8221;{}&#8221;][\/et_pb_image][\/et_pb_column][\/et_pb_row][\/et_pb_section][et_pb_section fb_built=&#8221;1&#8243; admin_label=&#8221;Footer&#8221; _builder_version=&#8221;4.23&#8243; _module_preset=&#8221;default&#8221; background_color=&#8221;gcid-dfca0e9b-c2d5-4a0d-bd54-692f77707a05&#8243; use_background_color_gradient=&#8221;on&#8221; background_color_gradient_stops=&#8221;#faf6f5 30%|rgba(255,255,255,0) 30%&#8221; min_height=&#8221;206.8px&#8221; custom_padding=&#8221;||||false|false&#8221; hover_enabled=&#8221;0&#8243; saved_tabs=&#8221;all&#8221; collapsed=&#8221;on&#8221; global_colors_info=&#8221;{%22gcid-dfca0e9b-c2d5-4a0d-bd54-692f77707a05%22:%91%22background_color%22%93}&#8221; sticky_enabled=&#8221;0&#8243;][et_pb_row _builder_version=&#8221;4.23&#8243; _module_preset=&#8221;default&#8221; global_colors_info=&#8221;{}&#8221;][et_pb_column type=&#8221;4_4&#8243; _builder_version=&#8221;4.23&#8243; _module_preset=&#8221;default&#8221; global_colors_info=&#8221;{}&#8221;][\/et_pb_column][\/et_pb_row][et_pb_row column_structure=&#8221;1_3,1_3,1_3&#8243; _builder_version=&#8221;4.23&#8243; _module_preset=&#8221;default&#8221; global_colors_info=&#8221;{}&#8221;][et_pb_column type=&#8221;1_3&#8243; _builder_version=&#8221;4.23&#8243; _module_preset=&#8221;default&#8221; global_colors_info=&#8221;{}&#8221;][et_pb_text _builder_version=&#8221;4.23&#8243; _module_preset=&#8221;default&#8221; global_colors_info=&#8221;{}&#8221;]<\/p>\n<p style=\"text-align: center;\"><span>\u00a9 <\/span><span class=\"hljs-number\">2021<\/span><span> Localizzz<\/span><\/p>\n<p>[\/et_pb_text][\/et_pb_column][et_pb_column type=&#8221;1_3&#8243; _builder_version=&#8221;4.23&#8243; _module_preset=&#8221;default&#8221; global_colors_info=&#8221;{}&#8221;][et_pb_text _builder_version=&#8221;4.23&#8243; _module_preset=&#8221;default&#8221; global_colors_info=&#8221;{}&#8221;]<\/p>\n<p style=\"text-align: center;\">120 Wellington streeet<\/p>\n<p style=\"text-align: center;\">Bureau 205<\/p>\n<p style=\"text-align: center;\"><span>London,<\/span><span class=\"hljs-keyword\">ON<\/span><span> N6B 2K6<\/span><\/p>\n<p style=\"text-align: center;\"><span>Canada<\/span><\/p>\n<p>[\/et_pb_text][\/et_pb_column][et_pb_column type=&#8221;1_3&#8243; _builder_version=&#8221;4.23&#8243; _module_preset=&#8221;default&#8221; global_colors_info=&#8221;{}&#8221;][et_pb_text _builder_version=&#8221;4.23&#8243; _module_preset=&#8221;default&#8221; global_colors_info=&#8221;{}&#8221;]<\/p>\n<p style=\"text-align: center;\"><span class=\"hljs-symbol\">Num\u00e9ro de t\u00e9l\u00e9phone :<\/span><span> +<\/span><span class=\"hljs-number\">1<\/span><span> (<\/span><span class=\"hljs-number\">226<\/span><span>)-<\/span><span class=\"hljs-number\">210<\/span><span>&#8211;<\/span><span class=\"hljs-number\">3010<\/span><\/p>\n<p>[\/et_pb_text][\/et_pb_column][\/et_pb_row][\/et_pb_section]<\/p>","protected":false},"excerpt":{"rendered":"<p>We Want to HelpBecause we care. Deeply. We are committed to delivering high-quality translation services that align with the values of your cause. We\u2019ve been proudly providing PRO-BONO translation services to foster communication and service availability for causes close to our hearts, including empowering girls and women, supporting visually impaired children with tech &amp; IT [&hellip;]<\/p>","protected":false},"author":1,"featured_media":0,"parent":0,"menu_order":0,"comment_status":"closed","ping_status":"closed","template":"","meta":{"_et_pb_use_builder":"on","_et_pb_old_content":"","_et_gb_content_width":"","footnotes":""},"class_list":["post-630","page","type-page","status-publish","hentry"],"_links":{"self":[{"href":"https:\/\/localizzzcanada.com\/fr\/wp-json\/wp\/v2\/pages\/630","targetHints":{"allow":["GET"]}}],"collection":[{"href":"https:\/\/localizzzcanada.com\/fr\/wp-json\/wp\/v2\/pages"}],"about":[{"href":"https:\/\/localizzzcanada.com\/fr\/wp-json\/wp\/v2\/types\/page"}],"author":[{"embeddable":true,"href":"https:\/\/localizzzcanada.com\/fr\/wp-json\/wp\/v2\/users\/1"}],"replies":[{"embeddable":true,"href":"https:\/\/localizzzcanada.com\/fr\/wp-json\/wp\/v2\/comments?post=630"}],"version-history":[{"count":0,"href":"https:\/\/localizzzcanada.com\/fr\/wp-json\/wp\/v2\/pages\/630\/revisions"}],"wp:attachment":[{"href":"https:\/\/localizzzcanada.com\/fr\/wp-json\/wp\/v2\/media?parent=630"}],"curies":[{"name":"wp","href":"https:\/\/api.w.org\/{rel}","templated":true}]}}