{"id":317,"date":"2023-10-26T00:52:30","date_gmt":"2023-10-26T00:52:30","guid":{"rendered":"https:\/\/localizationengineering.com\/?page_id=317"},"modified":"2024-08-05T22:40:07","modified_gmt":"2024-08-05T22:40:07","slug":"it","status":"publish","type":"page","link":"https:\/\/localizzzcanada.com\/fr\/it\/","title":{"rendered":"IT"},"content":{"rendered":"<p>[et_pb_section fb_built=&#8221;1&#8243; fullwidth=&#8221;on&#8221; _builder_version=&#8221;4.27.0&#8243; _module_preset=&#8221;default&#8221; hover_enabled=&#8221;0&#8243; global_colors_info=&#8221;{}&#8221; sticky_enabled=&#8221;0&#8243;][et_pb_fullwidth_image src=&#8221;https:\/\/localizzzcanada.com\/wp-content\/uploads\/2024\/08\/ecommerce-gf700e55df_1920-1.jpg&#8221; title_text=&#8221;ecommerce-gf700e55df_1920&#8243; _builder_version=&#8221;4.27.0&#8243; _module_preset=&#8221;default&#8221; hover_enabled=&#8221;0&#8243; global_colors_info=&#8221;{}&#8221; sticky_enabled=&#8221;0&#8243;][\/et_pb_fullwidth_image][\/et_pb_section][et_pb_section fb_built=&#8221;1&#8243; admin_label=&#8221;About&#8221; _builder_version=&#8221;4.23&#8243; _module_preset=&#8221;default&#8221; background_color=&#8221;#FFFFFF&#8221; min_height=&#8221;883.4px&#8221; collapsed=&#8221;on&#8221; global_colors_info=&#8221;{}&#8221;][et_pb_row column_structure=&#8221;1_2,1_2&#8243; _builder_version=&#8221;4.23&#8243; _module_preset=&#8221;default&#8221; global_colors_info=&#8221;{}&#8221;][et_pb_column type=&#8221;1_2&#8243; _builder_version=&#8221;4.20.0&#8243; _module_preset=&#8221;default&#8221; global_colors_info=&#8221;{}&#8221;][et_pb_text _builder_version=&#8221;4.20.0&#8243; _module_preset=&#8221;efa11ad1-1530-4105-be4e-af57db5e559c&#8221; inline_fonts=&#8221;ABeeZee&#8221; global_colors_info=&#8221;{}&#8221;]<\/p>\n<h2><span style=\"font-family: ABeeZee; color: #6d6d6d;\">Localisation informatique, de sites Web et de logiciels<\/span><\/h2>\n<p>[\/et_pb_text][et_pb_text _builder_version=&#8221;4.23&#8243; _module_preset=&#8221;7f20e68e-7db9-4c1e-9838-34d2ff4e3dad&#8221; global_colors_info=&#8221;{}&#8221;]<\/p>\n<p style=\"text-align: center;\"><span style=\"color: #6d6d6d;\">Nous nous sp\u00e9cialisons dans l'adaptation de vos solutions technologiques, de vos applications logicielles et de vos appareils utilisant l'Internet des objets \u00e0 diff\u00e9rents contextes linguistiques et culturels, afin d'assurer des exp\u00e9riences utilisateur fluides.<\/span><\/p>\n<p style=\"text-align: center;\"><span style=\"color: #6d6d6d;\">\u00a0<\/span><\/p>\n<p>[\/et_pb_text][et_pb_button button_text=&#8221;Request A Quote&#8221; _builder_version=&#8221;4.23&#8243; _module_preset=&#8221;0bab51a0-7207-4cd3-b12f-b3068c01cb22&#8243; global_colors_info=&#8221;{%22gcid-ad629ad7-29bc-4d34-a428-476c380868ee%22:%91%22button_text_color%22%93}&#8221;][\/et_pb_button][\/et_pb_column][et_pb_column type=&#8221;1_2&#8243; _builder_version=&#8221;4.20.0&#8243; _module_preset=&#8221;default&#8221; global_colors_info=&#8221;{}&#8221;][et_pb_image src=&#8221;https:\/\/localizzzcanada.com\/wp-content\/uploads\/2024\/08\/web-g9a48e2ae9_1280.png&#8221; title_text=&#8221;web-g9a48e2ae9_1280&#8243; _builder_version=&#8221;4.27.0&#8243; _module_preset=&#8221;default&#8221; animation_style=&#8221;fold&#8221; hover_enabled=&#8221;0&#8243; border_radii=&#8221;off|10px|500px|500px|10px&#8221; global_colors_info=&#8221;{}&#8221; sticky_enabled=&#8221;0&#8243;][\/et_pb_image][\/et_pb_column][\/et_pb_row][\/et_pb_section]<\/p>","protected":false},"excerpt":{"rendered":"<p>IT, Website and Software LocalizationWe specialize in adapting your technological solutions, software applications, and IoT devices to diverse linguistic and cultural contexts, ensuring seamless user experiences. \u00a0<\/p>","protected":false},"author":1,"featured_media":0,"parent":0,"menu_order":0,"comment_status":"closed","ping_status":"closed","template":"","meta":{"_et_pb_use_builder":"on","_et_pb_old_content":"","_et_gb_content_width":"","footnotes":""},"class_list":["post-317","page","type-page","status-publish","hentry"],"_links":{"self":[{"href":"https:\/\/localizzzcanada.com\/fr\/wp-json\/wp\/v2\/pages\/317","targetHints":{"allow":["GET"]}}],"collection":[{"href":"https:\/\/localizzzcanada.com\/fr\/wp-json\/wp\/v2\/pages"}],"about":[{"href":"https:\/\/localizzzcanada.com\/fr\/wp-json\/wp\/v2\/types\/page"}],"author":[{"embeddable":true,"href":"https:\/\/localizzzcanada.com\/fr\/wp-json\/wp\/v2\/users\/1"}],"replies":[{"embeddable":true,"href":"https:\/\/localizzzcanada.com\/fr\/wp-json\/wp\/v2\/comments?post=317"}],"version-history":[{"count":1,"href":"https:\/\/localizzzcanada.com\/fr\/wp-json\/wp\/v2\/pages\/317\/revisions"}],"predecessor-version":[{"id":1735,"href":"https:\/\/localizzzcanada.com\/fr\/wp-json\/wp\/v2\/pages\/317\/revisions\/1735"}],"wp:attachment":[{"href":"https:\/\/localizzzcanada.com\/fr\/wp-json\/wp\/v2\/media?parent=317"}],"curies":[{"name":"wp","href":"https:\/\/api.w.org\/{rel}","templated":true}]}}