{"id":267,"date":"2023-10-25T23:42:48","date_gmt":"2023-10-25T23:42:48","guid":{"rendered":"https:\/\/localizationengineering.com\/?page_id=267"},"modified":"2024-08-09T11:57:37","modified_gmt":"2024-08-09T11:57:37","slug":"what-we-do","status":"publish","type":"page","link":"https:\/\/localizzzcanada.com\/fr\/what-we-do\/","title":{"rendered":"Notre \u00e9quipe"},"content":{"rendered":"<p>[et_pb_section fb_built=&#8221;1&#8243; admin_label=&#8221;Header&#8221; _builder_version=&#8221;4.27.0&#8243; _module_preset=&#8221;default&#8221; background_color=&#8221;gcid-c22116c1-81a4-4cbf-84dc-c3f928405165&#8243; use_background_color_gradient=&#8221;on&#8221; background_color_gradient_stops=&#8221;rgba(0,0,0,0.4) 0%|rgba(0,0,0,0.72) 100%&#8221; background_color_gradient_overlays_image=&#8221;on&#8221; background_image=&#8221;https:\/\/localizzzcanada.com\/wp-content\/uploads\/2024\/06\/WEBBBBBB5.png&#8221; min_height=&#8221;734.7px&#8221; custom_padding=&#8221;10vw||0px||false|false&#8221; hover_enabled=&#8221;0&#8243; collapsed=&#8221;on&#8221; global_colors_info=&#8221;{%22gcid-c22116c1-81a4-4cbf-84dc-c3f928405165%22:%91%22background_color%22%93}&#8221; title_text=&#8221;WEBBBBBB5&#8243; sticky_enabled=&#8221;0&#8243;][et_pb_row custom_padding_last_edited=&#8221;on|phone&#8221; _builder_version=&#8221;4.23&#8243; _module_preset=&#8221;default&#8221; background_color=&#8221;gcid-ad629ad7-29bc-4d34-a428-476c380868ee&#8221; module_alignment=&#8221;center&#8221; overflow-x=&#8221;visible&#8221; overflow-y=&#8221;visible&#8221; custom_margin=&#8221;||110px||false|false&#8221; custom_padding=&#8221;40px|30px|60px||false|false&#8221; custom_padding_tablet=&#8221;30px|30px|30px|30px|true|true&#8221; custom_padding_phone=&#8221;20px|20px|20px|20px|true|true&#8221; animation_style=&#8221;flip&#8221; module_alignment_tablet=&#8221;center&#8221; module_alignment_phone=&#8221;center&#8221; module_alignment_last_edited=&#8221;off|desktop&#8221; border_radii=&#8221;on|10px|10px|10px|10px&#8221; box_shadow_style=&#8221;preset4&#8243; box_shadow_horizontal=&#8221;-30vw&#8221; box_shadow_vertical=&#8221;0px&#8221; box_shadow_color=&#8221;gcid-ad629ad7-29bc-4d34-a428-476c380868ee&#8221; global_colors_info=&#8221;{%22gcid-ad629ad7-29bc-4d34-a428-476c380868ee%22:%91%22background_color%22,%22box_shadow_color%22%93}&#8221;][et_pb_column type=&#8221;4_4&#8243; _builder_version=&#8221;4.20.0&#8243; _module_preset=&#8221;default&#8221; global_colors_info=&#8221;{}&#8221;][et_pb_text _builder_version=&#8221;4.20.0&#8243; _module_preset=&#8221;5d59bb22-a316-4763-add1-6df689fe09af&#8221; header_text_color=&#8221;#FFFFFF&#8221; custom_margin=&#8221;||0px||false|false&#8221; inline_fonts=&#8221;ABeeZee&#8221; global_colors_info=&#8221;{}&#8221;]<\/p>\n<h1><span style=\"font-family: ABeeZee;\">NOTRE \u00c9QUIPE<\/span><\/h1>\n<p>[\/et_pb_text][et_pb_text _builder_version=&#8221;4.23&#8243; _module_preset=&#8221;7f20e68e-7db9-4c1e-9838-34d2ff4e3dad&#8221; text_text_color=&#8221;#FFFFFF&#8221; global_colors_info=&#8221;{}&#8221;]Fostering Language Inclusion &#038; Audience Engagement<br \/>\nFrom Coast to Coast and Internationally[\/et_pb_text][\/et_pb_column][\/et_pb_row][\/et_pb_section][et_pb_section fb_built=&#8221;1&#8243; admin_label=&#8221;About&#8221; _builder_version=&#8221;4.23&#8243; _module_preset=&#8221;default&#8221; background_color=&#8221;#FFFFFF&#8221; custom_margin=&#8221;-113px|||||&#8221; custom_padding=&#8221;0px||0px||true|false&#8221; collapsed=&#8221;on&#8221; global_colors_info=&#8221;{}&#8221;][et_pb_row column_structure=&#8221;1_2,1_2&#8243; make_equal=&#8221;on&#8221; _builder_version=&#8221;4.20.0&#8243; _module_preset=&#8221;default&#8221; custom_padding=&#8221;0px||0px||true|false&#8221; global_colors_info=&#8221;{}&#8221;][et_pb_column type=&#8221;1_2&#8243; _builder_version=&#8221;4.20.0&#8243; _module_preset=&#8221;default&#8221; global_colors_info=&#8221;{}&#8221;][et_pb_text _builder_version=&#8221;4.23&#8243; _module_preset=&#8221;default&#8221; global_colors_info=&#8221;{}&#8221;]<\/p>\n<p>&nbsp;<\/p>\n<p>&nbsp;<\/p>\n<p>&nbsp;<\/p>\n<p>&nbsp;<\/p>\n<p>&nbsp;<\/p>\n<p>[\/et_pb_text][et_pb_image src=&#8221;https:\/\/localizzzcanada.com\/wp-content\/uploads\/2024\/06\/WEBBBBBB5.png&#8221; title_text=&#8221;WEBBBBBB5&#8243; _builder_version=&#8221;4.27.0&#8243; _module_preset=&#8221;default&#8221; animation_style=&#8221;zoom&#8221; hover_enabled=&#8221;0&#8243; border_radii=&#8221;on|10px|10px|10px|10px&#8221; global_colors_info=&#8221;{}&#8221; sticky_enabled=&#8221;0&#8243;][\/et_pb_image][\/et_pb_column][et_pb_column type=&#8221;1_2&#8243; _builder_version=&#8221;4.20.0&#8243; _module_preset=&#8221;default&#8221; custom_padding=&#8221;40px||8vw||false|false&#8221; custom_padding_tablet=&#8221;0px||40px||false|false&#8221; custom_padding_phone=&#8221;0px||40px||false|false&#8221; custom_padding_last_edited=&#8221;on|tablet&#8221; global_colors_info=&#8221;{}&#8221;][et_pb_text _builder_version=&#8221;4.20.0&#8243; _module_preset=&#8221;efa11ad1-1530-4105-be4e-af57db5e559c&#8221; text_orientation=&#8221;center&#8221; inline_fonts=&#8221;ABeeZee&#8221; global_colors_info=&#8221;{}&#8221;]<\/p>\n<h2><span style=\"font-family: ABeeZee; color: #6d6d6d;\">PERMETTRE UNE COMMUNICATION EFFICACE<\/span><\/h2>\n<p>[\/et_pb_text][et_pb_icon font_icon=&#8221;&#xe000;||divi||400&#8243; icon_color=&#8221;#2B2B2B&#8221; _builder_version=&#8221;4.23&#8243; _module_preset=&#8221;default&#8221; animation_style=&#8221;fade&#8221; global_colors_info=&#8221;{}&#8221;][\/et_pb_icon][et_pb_text _builder_version=&#8221;4.20.0&#8243; _module_preset=&#8221;7f20e68e-7db9-4c1e-9838-34d2ff4e3dad&#8221; global_colors_info=&#8221;{}&#8221;]<\/p>\n<p style=\"text-align: center;\"><span style=\"color: #6d6d6d;\">Nous visons \u00e0 cr\u00e9er des ponts entre les langues et les cultures pour que les entreprises puissent communiquer de mani\u00e8re efficace.<\/span><\/p>\n<p style=\"text-align: center;\"><span style=\"color: #6d6d6d;\">Nous offrons des solutions compl\u00e8tes pour la traduction et l'adaptation de contenu en nous assurant qu'il trouve \u00e9cho dans la culture cible et qu'il corresponde aux nuances linguistiques locales.<\/span><\/p>\n<p style=\"text-align: center;\"><span style=\"color: #6d6d6d;\"><\/span><\/p>\n<p style=\"text-align: center;\"><span style=\"color: #6d6d6d;\">Notre \u00e9quipe de traduction et de localisation exp\u00e9riment\u00e9e livre des documents pr\u00e9cis et qui tiennent compte de la culture et du contexte pour plusieurs domaines et dans diff\u00e9rents formats.<\/span><\/p>\n<p>[\/et_pb_text][\/et_pb_column][\/et_pb_row][\/et_pb_section]<\/p>","protected":false},"excerpt":{"rendered":"<p>OUR TEAMFostering Language Inclusion &#038; Audience Engagement From Coast to Coast and Internationally&nbsp; &nbsp; &nbsp; &nbsp; &nbsp;UNLOCKING EFFECTIVE COMMUNICATIONWe aim to bridge language and cultural gaps, enabling businesses to communicate effectively. We provide comprehensive solutions for translating and adapting content, ensuring that it resonates with the target culture and adheres to local linguistic nuances. With [&hellip;]<\/p>","protected":false},"author":1,"featured_media":0,"parent":0,"menu_order":0,"comment_status":"closed","ping_status":"closed","template":"","meta":{"_et_pb_use_builder":"on","_et_pb_old_content":"","_et_gb_content_width":"","footnotes":""},"class_list":["post-267","page","type-page","status-publish","hentry"],"_links":{"self":[{"href":"https:\/\/localizzzcanada.com\/fr\/wp-json\/wp\/v2\/pages\/267","targetHints":{"allow":["GET"]}}],"collection":[{"href":"https:\/\/localizzzcanada.com\/fr\/wp-json\/wp\/v2\/pages"}],"about":[{"href":"https:\/\/localizzzcanada.com\/fr\/wp-json\/wp\/v2\/types\/page"}],"author":[{"embeddable":true,"href":"https:\/\/localizzzcanada.com\/fr\/wp-json\/wp\/v2\/users\/1"}],"replies":[{"embeddable":true,"href":"https:\/\/localizzzcanada.com\/fr\/wp-json\/wp\/v2\/comments?post=267"}],"version-history":[{"count":3,"href":"https:\/\/localizzzcanada.com\/fr\/wp-json\/wp\/v2\/pages\/267\/revisions"}],"predecessor-version":[{"id":1918,"href":"https:\/\/localizzzcanada.com\/fr\/wp-json\/wp\/v2\/pages\/267\/revisions\/1918"}],"wp:attachment":[{"href":"https:\/\/localizzzcanada.com\/fr\/wp-json\/wp\/v2\/media?parent=267"}],"curies":[{"name":"wp","href":"https:\/\/api.w.org\/{rel}","templated":true}]}}