{"id":244,"date":"2023-10-25T23:11:26","date_gmt":"2023-10-25T23:11:26","guid":{"rendered":"https:\/\/localizationengineering.com\/?page_id=244"},"modified":"2024-08-09T11:58:31","modified_gmt":"2024-08-09T11:58:31","slug":"our-services","status":"publish","type":"page","link":"https:\/\/localizzzcanada.com\/fr\/our-services\/","title":{"rendered":"Nos services"},"content":{"rendered":"<p>[et_pb_section fb_built=&#8221;1&#8243; admin_label=&#8221;Header&#8221; _builder_version=&#8221;4.27.0&#8243; _module_preset=&#8221;default&#8221; background_color=&#8221;gcid-c22116c1-81a4-4cbf-84dc-c3f928405165&#8243; use_background_color_gradient=&#8221;on&#8221; background_color_gradient_stops=&#8221;rgba(0,0,0,0.4) 0%|rgba(0,0,0,0.72) 100%&#8221; background_color_gradient_overlays_image=&#8221;on&#8221; background_image=&#8221;https:\/\/localizzzcanada.com\/wp-content\/uploads\/2024\/06\/Translation.png&#8221; min_height=&#8221;734.7px&#8221; custom_margin=&#8221;||-3px|||&#8221; custom_padding=&#8221;10vw||0px||false|false&#8221; hover_enabled=&#8221;0&#8243; collapsed=&#8221;on&#8221; global_colors_info=&#8221;{%22gcid-c22116c1-81a4-4cbf-84dc-c3f928405165%22:%91%22background_color%22%93}&#8221; title_text=&#8221;Translation&#8221; sticky_enabled=&#8221;0&#8243;][et_pb_row custom_padding_last_edited=&#8221;on|phone&#8221; _builder_version=&#8221;4.23&#8243; _module_preset=&#8221;default&#8221; background_color=&#8221;gcid-ad629ad7-29bc-4d34-a428-476c380868ee&#8221; module_alignment=&#8221;center&#8221; overflow-x=&#8221;visible&#8221; overflow-y=&#8221;visible&#8221; custom_margin=&#8221;||110px||false|false&#8221; custom_padding=&#8221;40px|30px|60px||false|false&#8221; custom_padding_tablet=&#8221;30px|30px|30px|30px|true|true&#8221; custom_padding_phone=&#8221;20px|20px|20px|20px|true|true&#8221; animation_style=&#8221;flip&#8221; module_alignment_tablet=&#8221;center&#8221; module_alignment_phone=&#8221;center&#8221; module_alignment_last_edited=&#8221;off|desktop&#8221; border_radii=&#8221;on|10px|10px|10px|10px&#8221; box_shadow_style=&#8221;preset4&#8243; box_shadow_horizontal=&#8221;-30vw&#8221; box_shadow_vertical=&#8221;0px&#8221; box_shadow_color=&#8221;gcid-ad629ad7-29bc-4d34-a428-476c380868ee&#8221; global_colors_info=&#8221;{%22gcid-ad629ad7-29bc-4d34-a428-476c380868ee%22:%91%22background_color%22,%22box_shadow_color%22%93}&#8221;][et_pb_column type=&#8221;4_4&#8243; _builder_version=&#8221;4.20.0&#8243; _module_preset=&#8221;default&#8221; global_colors_info=&#8221;{}&#8221;][et_pb_text _builder_version=&#8221;4.20.0&#8243; _module_preset=&#8221;5d59bb22-a316-4763-add1-6df689fe09af&#8221; header_text_color=&#8221;#FFFFFF&#8221; custom_margin=&#8221;||0px||false|false&#8221; inline_fonts=&#8221;ABeeZee&#8221; global_colors_info=&#8221;{}&#8221;]<\/p>\n<h1><span style=\"font-family: ABeeZee;\">Nos services<\/span><\/h1>\n<p>[\/et_pb_text][et_pb_text _builder_version=&#8221;4.23&#8243; _module_preset=&#8221;7f20e68e-7db9-4c1e-9838-34d2ff4e3dad&#8221; text_text_color=&#8221;#FFFFFF&#8221; global_colors_info=&#8221;{}&#8221;]<\/p>\n<p><span>Favoriser l'inclusion langagi\u00e8re et l'engagement du public<\/span><br \/><span>D'un oc\u00e9an \u00e0 l'autre et \u00e0 l'international<\/span><\/p>\n<p>[\/et_pb_text][\/et_pb_column][\/et_pb_row][\/et_pb_section][et_pb_section fb_built=&#8221;1&#8243; admin_label=&#8221;Events&#8221; _builder_version=&#8221;4.20.0&#8243; _module_preset=&#8221;default&#8221; background_color=&#8221;gcid-c22116c1-81a4-4cbf-84dc-c3f928405165&#8243; min_height=&#8221;887.4px&#8221; custom_margin=&#8221;-111px|||||&#8221; saved_tabs=&#8221;all&#8221; collapsed=&#8221;on&#8221; global_colors_info=&#8221;{%22gcid-c22116c1-81a4-4cbf-84dc-c3f928405165%22:%91%22background_color%22%93}&#8221;][et_pb_row _builder_version=&#8221;4.20.0&#8243; _module_preset=&#8221;default&#8221; max_width=&#8221;700px&#8221; global_colors_info=&#8221;{}&#8221;][et_pb_column type=&#8221;4_4&#8243; _builder_version=&#8221;4.20.0&#8243; _module_preset=&#8221;default&#8221; global_colors_info=&#8221;{}&#8221;][et_pb_text _builder_version=&#8221;4.20.0&#8243; _module_preset=&#8221;efa11ad1-1530-4105-be4e-af57db5e559c&#8221; text_orientation=&#8221;center&#8221; inline_fonts=&#8221;ABeeZee&#8221; global_colors_info=&#8221;{}&#8221;]<\/p>\n<h2><span style=\"font-family: ABeeZee; color: #3f3f3f;\">NOS SERVICES<\/span><\/h2>\n<p>[\/et_pb_text][\/et_pb_column][\/et_pb_row][et_pb_row column_structure=&#8221;1_3,1_3,1_3&#8243; _builder_version=&#8221;4.20.0&#8243; _module_preset=&#8221;default&#8221; global_colors_info=&#8221;{}&#8221;][et_pb_column type=&#8221;1_3&#8243; _builder_version=&#8221;4.20.0&#8243; _module_preset=&#8221;default&#8221; global_colors_info=&#8221;{}&#8221;][et_pb_icon font_icon=&#8221;&#xf1ab;||fa||900&#8243; icon_color=&#8221;#2B2B2B&#8221; _builder_version=&#8221;4.23&#8243; _module_preset=&#8221;default&#8221; animation_style=&#8221;zoom&#8221; global_colors_info=&#8221;{}&#8221;][\/et_pb_icon][et_pb_text _builder_version=&#8221;4.23&#8243; _module_preset=&#8221;1c2809f1-d66a-496d-b16f-43762b81c752&#8243; custom_margin=&#8221;||10px||false|false&#8221; custom_padding=&#8221;0px|||||&#8221; inline_fonts=&#8221;ABeeZee,Abel&#8221; global_colors_info=&#8221;{}&#8221;]<\/p>\n<h4 style=\"text-align: center;\"><span style=\"font-family: ABeeZee; font-weight: normal;\">Traduction<\/span><\/h4>\n<p>[\/et_pb_text][et_pb_text _builder_version=&#8221;4.20.0&#8243; _module_preset=&#8221;7f20e68e-7db9-4c1e-9838-34d2ff4e3dad&#8221; global_colors_info=&#8221;{}&#8221;]<\/p>\n<p style=\"text-align: center;\"><span>La traduction implique de convertir du contenu \u00e9crit ou oral d'une langue \u00e0 une autre tout en en conservant la signification et le contexte.<\/span><\/p>\n<p style=\"text-align: center;\"><span>Ce processus fait en sorte que le message soit aussi clair et efficace pour le nouveau public cible que pour le public d'origine.<\/span><\/p>\n<p style=\"text-align: center;\">\u00a0<\/p>\n<p>[\/et_pb_text][et_pb_text _builder_version=&#8221;4.20.0&#8243; _module_preset=&#8221;8cd813fd-b3d8-48a9-9fd0-1fb0d76bdc70&#8243; global_colors_info=&#8221;{}&#8221;][\/et_pb_text][\/et_pb_column][et_pb_column type=&#8221;1_3&#8243; _builder_version=&#8221;4.20.0&#8243; _module_preset=&#8221;default&#8221; global_colors_info=&#8221;{}&#8221;][et_pb_icon font_icon=&#8221;&#xe081;||divi||400&#8243; icon_color=&#8221;#2B2B2B&#8221; _builder_version=&#8221;4.23&#8243; _module_preset=&#8221;default&#8221; animation_style=&#8221;zoom&#8221; global_colors_info=&#8221;{}&#8221;][\/et_pb_icon][et_pb_text _builder_version=&#8221;4.20.0&#8243; _module_preset=&#8221;1c2809f1-d66a-496d-b16f-43762b81c752&#8243; custom_margin=&#8221;||10px||false|false&#8221; inline_fonts=&#8221;ABeeZee&#8221; global_colors_info=&#8221;{}&#8221;]<\/p>\n<h4 style=\"text-align: center;\"><span style=\"font-family: ABeeZee; font-weight: normal;\">Localisation<\/span><\/h4>\n<p>[\/et_pb_text][et_pb_text _builder_version=&#8221;4.20.0&#8243; _module_preset=&#8221;7f20e68e-7db9-4c1e-9838-34d2ff4e3dad&#8221; global_colors_info=&#8221;{}&#8221;]<\/p>\n<p style=\"text-align: center;\"><span>La localisation implique d'adapter un contenu pour qu'il corresponde aux nuances culturelles, linguistiques et r\u00e9gionales du public cible<\/span><\/p>\n<p style=\"text-align: center;\"><span>Elle comprend non seulement la traduction linguistique, mais \u00e9galement la personnalisation des images, des formats et de la conception g\u00e9n\u00e9rale afin que le contenu soit en phase avec les pr\u00e9f\u00e9rences et les sensibilit\u00e9s culturelles du public local.<\/span><\/p>\n<p style=\"text-align: center;\">\u00a0<\/p>\n<p>[\/et_pb_text][et_pb_text _builder_version=&#8221;4.20.0&#8243; _module_preset=&#8221;8cd813fd-b3d8-48a9-9fd0-1fb0d76bdc70&#8243; global_colors_info=&#8221;{}&#8221;][\/et_pb_text][\/et_pb_column][et_pb_column type=&#8221;1_3&#8243; _builder_version=&#8221;4.20.0&#8243; _module_preset=&#8221;default&#8221; global_colors_info=&#8221;{}&#8221;][et_pb_icon font_icon=&#8221;&#xf20a;||fa||900&#8243; icon_color=&#8221;#2B2B2B&#8221; _builder_version=&#8221;4.23&#8243; _module_preset=&#8221;default&#8221; animation_style=&#8221;flip&#8221; global_colors_info=&#8221;{}&#8221;][\/et_pb_icon][et_pb_text _builder_version=&#8221;4.23&#8243; _module_preset=&#8221;1c2809f1-d66a-496d-b16f-43762b81c752&#8243; custom_margin=&#8221;||10px||false|false&#8221; inline_fonts=&#8221;ABeeZee,Abel&#8221; global_colors_info=&#8221;{}&#8221;]<\/p>\n<h4 style=\"text-align: center;\"><span style=\"font-family: ABeeZee; font-weight: normal;\">Sous-titrage et apprentissage en ligne<\/span><\/h4>\n<p>[\/et_pb_text][et_pb_text _builder_version=&#8221;4.20.0&#8243; _module_preset=&#8221;7f20e68e-7db9-4c1e-9838-34d2ff4e3dad&#8221; global_colors_info=&#8221;{}&#8221;]<\/p>\n<p style=\"text-align: center;\">Cherchez-vous \u00e0 \u00e9tendre l'accessibilit\u00e9 et la port\u00e9e de votre contenu? Ne cherchez plus : nos services d'expertes et d'experts en sous-titrage sont l\u00e0.<\/p>\n<p style=\"text-align: center;\">Que votre projet soit un film, un documentaire, un cours en ligne, une vid\u00e9o de marketing ou n'importe quel type de projet multim\u00e9dia, notre \u00e9quipe de linguistes et de professionnels du sous-titrage d'exp\u00e9rience peut en garantir la clart\u00e9 et s'assurer qu'il g\u00e9n\u00e9rera de l'engagement.<\/p>\n<p>[\/et_pb_text][et_pb_text _builder_version=&#8221;4.20.0&#8243; _module_preset=&#8221;8cd813fd-b3d8-48a9-9fd0-1fb0d76bdc70&#8243; global_colors_info=&#8221;{}&#8221;][\/et_pb_text][\/et_pb_column][\/et_pb_row][\/et_pb_section]<\/p>","protected":false},"excerpt":{"rendered":"<p>Our ServicesFostering Language Inclusion &amp; Audience EngagementFrom Coast to Coast and InternationallyOUR SERVICESTranslationTranslation involves converting written or spoken content from one language into another, maintaining the original meaning and context. This process ensures that the message remains clear and effective for the target audience. \u00a0LocalizationLocalization involves adapting the content to suit the cultural, linguistic, and [&hellip;]<\/p>","protected":false},"author":1,"featured_media":0,"parent":0,"menu_order":0,"comment_status":"closed","ping_status":"closed","template":"","meta":{"_et_pb_use_builder":"on","_et_pb_old_content":"","_et_gb_content_width":"","footnotes":""},"class_list":["post-244","page","type-page","status-publish","hentry"],"_links":{"self":[{"href":"https:\/\/localizzzcanada.com\/fr\/wp-json\/wp\/v2\/pages\/244","targetHints":{"allow":["GET"]}}],"collection":[{"href":"https:\/\/localizzzcanada.com\/fr\/wp-json\/wp\/v2\/pages"}],"about":[{"href":"https:\/\/localizzzcanada.com\/fr\/wp-json\/wp\/v2\/types\/page"}],"author":[{"embeddable":true,"href":"https:\/\/localizzzcanada.com\/fr\/wp-json\/wp\/v2\/users\/1"}],"replies":[{"embeddable":true,"href":"https:\/\/localizzzcanada.com\/fr\/wp-json\/wp\/v2\/comments?post=244"}],"version-history":[{"count":2,"href":"https:\/\/localizzzcanada.com\/fr\/wp-json\/wp\/v2\/pages\/244\/revisions"}],"predecessor-version":[{"id":1919,"href":"https:\/\/localizzzcanada.com\/fr\/wp-json\/wp\/v2\/pages\/244\/revisions\/1919"}],"wp:attachment":[{"href":"https:\/\/localizzzcanada.com\/fr\/wp-json\/wp\/v2\/media?parent=244"}],"curies":[{"name":"wp","href":"https:\/\/api.w.org\/{rel}","templated":true}]}}