{"id":1947,"date":"2024-09-16T16:30:38","date_gmt":"2024-09-16T16:30:38","guid":{"rendered":"https:\/\/localizzzcanada.com\/?page_id=1947"},"modified":"2024-09-25T10:24:36","modified_gmt":"2024-09-25T10:24:36","slug":"en-francais-a-london-by-localizzz","status":"publish","type":"page","link":"https:\/\/localizzzcanada.com\/fr\/en-francais-a-london-by-localizzz\/","title":{"rendered":"En fran\u00e7ais \u00e0 London"},"content":{"rendered":"<p>[et_pb_section fb_built=&#8221;1&#8243; fullwidth=&#8221;on&#8221; _builder_version=&#8221;4.23&#8243; _module_preset=&#8221;default&#8221; global_colors_info=&#8221;{}&#8221;][et_pb_fullwidth_image src=&#8221;https:\/\/localizzzcanada.com\/wp-content\/uploads\/2024\/09\/forks-drone-2-low-res.jpg&#8221; title_text=&#8221;forks-drone-(2)&#8212;low-res&#8221; _builder_version=&#8221;4.27.0&#8243; _module_preset=&#8221;default&#8221; custom_padding=&#8221;||0px|||&#8221; animation_style=&#8221;fade&#8221; global_colors_info=&#8221;{}&#8221;][\/et_pb_fullwidth_image][\/et_pb_section][et_pb_section fb_built=&#8221;1&#8243; _builder_version=&#8221;4.23&#8243; _module_preset=&#8221;default&#8221; custom_padding=&#8221;||4px|||&#8221; global_colors_info=&#8221;{}&#8221;][et_pb_row _builder_version=&#8221;4.23&#8243; _module_preset=&#8221;default&#8221; global_colors_info=&#8221;{}&#8221;][et_pb_column type=&#8221;4_4&#8243; _builder_version=&#8221;4.23&#8243; _module_preset=&#8221;default&#8221; global_colors_info=&#8221;{}&#8221;][et_pb_text _builder_version=&#8221;4.27.0&#8243; _module_preset=&#8221;default&#8221; custom_margin=&#8221;||3px|||&#8221; inline_fonts=&#8221;ABeeZee&#8221; global_colors_info=&#8221;{}&#8221;]<\/p>\n<h3 style=\"text-align: center;\"><strong>En fran\u00e7ais \u00e0 London: du soutien pour vos \u00e9v\u00e9nements multilingues !<\/strong><\/h3>\n<p>[\/et_pb_text][\/et_pb_column][\/et_pb_row][\/et_pb_section][et_pb_section fb_built=&#8221;1&#8243; _builder_version=&#8221;4.23&#8243; _module_preset=&#8221;default&#8221; global_colors_info=&#8221;{}&#8221; custom_padding=&#8221;3px|||||&#8221;][et_pb_row column_structure=&#8221;1_2,1_2&#8243; _builder_version=&#8221;4.23&#8243; _module_preset=&#8221;default&#8221; global_colors_info=&#8221;{}&#8221;][et_pb_column type=&#8221;1_2&#8243; _builder_version=&#8221;4.23&#8243; _module_preset=&#8221;default&#8221; global_colors_info=&#8221;{}&#8221;][et_pb_image src=&#8221;https:\/\/localizzzcanada.com\/wp-content\/uploads\/2024\/09\/363367330_291448260205207_2692741262799479197_n.jpg&#8221; title_text=&#8221;363367330_291448260205207_2692741262799479197_n&#8221; _builder_version=&#8221;4.27.0&#8243; _module_preset=&#8221;default&#8221; hover_enabled=&#8221;0&#8243; global_colors_info=&#8221;{}&#8221; sticky_enabled=&#8221;0&#8243;][\/et_pb_image][\/et_pb_column][et_pb_column type=&#8221;1_2&#8243; _builder_version=&#8221;4.23&#8243; _module_preset=&#8221;default&#8221; global_colors_info=&#8221;{}&#8221;][et_pb_text _builder_version=&#8221;4.27.0&#8243; _module_preset=&#8221;default&#8221; custom_margin=&#8221;||0px|||&#8221; global_colors_info=&#8221;{}&#8221;]<\/p>\n<p style=\"text-align: justify;\">En tant que fournisseur de services linguistiques \u00e0 l'\u00e9chelle mondiale, nous sommes fiers de nos racines locales et de notre engagement envers notre communaut\u00e9 francophone, nos partenaires d'affaires et les autres fournisseurs de services \u00e0 London, en Ontario.<\/p>\n<p style=\"text-align: justify;\"><strong>Vous organisez un \u00e9v\u00e9nement multilingue ou francophone \u00e0 London? Vous recherchez des interpr\u00e8tes professionnels pour votre prochaine r\u00e9union ou manifestation?<\/strong><\/p>\n<p style=\"text-align: justify;\"><strong>Communiquez avec nous d\u00e8s aujourd'hui pour savoir comment En fran\u00e7ais \u00e0 London peut vous assister.<\/strong><\/p>\n<p style=\"text-align: justify;\">Qu'il s'agisse d'un \u00e9v\u00e9nement d'entreprise, d'un rassemblement communautaire, d'un festival culturel ou d'une discussion d'affaires, nous pouvons vous aider \u00e0 organiser des \u00e9v\u00e9nements enti\u00e8rement en fran\u00e7ais ou vous fournir des services d'interpr\u00e9tation professionnelle en fran\u00e7ais (sur place ou \u00e0 distance) pour assurer une communication fluide.<\/p>\n<p style=\"text-align: justify;\">\n<p>[\/et_pb_text][\/et_pb_column][\/et_pb_row][et_pb_row _builder_version=&#8221;4.27.0&#8243; _module_preset=&#8221;default&#8221;][et_pb_column _builder_version=&#8221;4.27.0&#8243; _module_preset=&#8221;default&#8221; type=&#8221;4_4&#8243;][et_pb_text _builder_version=&#8221;4.27.0&#8243; _module_preset=&#8221;default&#8221; hover_enabled=&#8221;0&#8243; sticky_enabled=&#8221;0&#8243;]<\/p>\n<p style=\"text-align: justify;\">\n<p style=\"text-align: center;\"><strong>Communiquez avec nous d\u00e8s aujourd'hui pour en savoir plus sur nos services \u00e9v\u00e9nementiels en fran\u00e7ais :<\/strong><\/p>\n<p style=\"text-align: center;\">\ud83d\udce7 <a rel=\"noopener\"><span>info<\/span><span>@localizzz.com<\/span><\/a><br \/>\ud83c\udf10 <a rel=\"noopener\" target=\"_new\" href=\"http:\/\/localizzzcanada.com\/fr\/\"><span>localizzzcanada.com<\/span><\/a><br \/>\ud83d\udcde +1-226-210-3010<\/p>\n<p>[\/et_pb_text][\/et_pb_column][\/et_pb_row][\/et_pb_section]<\/p>","protected":false},"excerpt":{"rendered":"<p>En Fran\u00e7ais \u00e0 London: Supporting Your Multilingual Events!As a global language service provider, we are proud of our local roots and our commitment to our French-speaking community, business partners, and fellow service providers in London, Ontario. Are you planning a multilingual or French-speaking event in London? Need professional interpreters for your next meeting or function? [&hellip;]<\/p>","protected":false},"author":1,"featured_media":0,"parent":0,"menu_order":0,"comment_status":"closed","ping_status":"closed","template":"","meta":{"_et_pb_use_builder":"on","_et_pb_old_content":"","_et_gb_content_width":"","footnotes":""},"class_list":["post-1947","page","type-page","status-publish","hentry"],"_links":{"self":[{"href":"https:\/\/localizzzcanada.com\/fr\/wp-json\/wp\/v2\/pages\/1947","targetHints":{"allow":["GET"]}}],"collection":[{"href":"https:\/\/localizzzcanada.com\/fr\/wp-json\/wp\/v2\/pages"}],"about":[{"href":"https:\/\/localizzzcanada.com\/fr\/wp-json\/wp\/v2\/types\/page"}],"author":[{"embeddable":true,"href":"https:\/\/localizzzcanada.com\/fr\/wp-json\/wp\/v2\/users\/1"}],"replies":[{"embeddable":true,"href":"https:\/\/localizzzcanada.com\/fr\/wp-json\/wp\/v2\/comments?post=1947"}],"version-history":[{"count":23,"href":"https:\/\/localizzzcanada.com\/fr\/wp-json\/wp\/v2\/pages\/1947\/revisions"}],"predecessor-version":[{"id":2001,"href":"https:\/\/localizzzcanada.com\/fr\/wp-json\/wp\/v2\/pages\/1947\/revisions\/2001"}],"wp:attachment":[{"href":"https:\/\/localizzzcanada.com\/fr\/wp-json\/wp\/v2\/media?parent=1947"}],"curies":[{"name":"wp","href":"https:\/\/api.w.org\/{rel}","templated":true}]}}