{"id":1874,"date":"2024-08-07T15:41:39","date_gmt":"2024-08-07T15:41:39","guid":{"rendered":"https:\/\/localizzzcanada.com\/?page_id=1874"},"modified":"2024-08-07T17:00:46","modified_gmt":"2024-08-07T17:00:46","slug":"language-inclusion-in-canada","status":"publish","type":"page","link":"https:\/\/localizzzcanada.com\/fr\/language-inclusion-in-canada\/","title":{"rendered":"Inclusivit\u00e9 langagi\u00e8re au Canada"},"content":{"rendered":"<p>[et_pb_section fb_built=&#8221;1&#8243; admin_label=&#8221;About&#8221; _builder_version=&#8221;4.27.0&#8243; _module_preset=&#8221;default&#8221; background_color=&#8221;#FFFFFF&#8221; custom_padding=&#8221;0px||0px||true|false&#8221; collapsed=&#8221;on&#8221; global_colors_info=&#8221;{}&#8221;][\/et_pb_section][et_pb_section fb_built=&#8221;1&#8243; _builder_version=&#8221;4.27.0&#8243; _module_preset=&#8221;default&#8221; custom_padding=&#8221;||5px|||&#8221; global_colors_info=&#8221;{}&#8221;][et_pb_row make_equal=&#8221;on&#8221; _builder_version=&#8221;4.20.0&#8243; _module_preset=&#8221;default&#8221; custom_padding=&#8221;0px||0px||true|false&#8221; global_colors_info=&#8221;{}&#8221;][et_pb_column type=&#8221;4_4&#8243; _builder_version=&#8221;4.20.0&#8243; _module_preset=&#8221;default&#8221; global_colors_info=&#8221;{}&#8221;][et_pb_text _builder_version=&#8221;4.20.0&#8243; _module_preset=&#8221;5a2f5a96-46f7-4cb6-8c32-0711808c3764&#8243; text_orientation=&#8221;center&#8221; inline_fonts=&#8221;ABeeZee&#8221; global_colors_info=&#8221;{}&#8221;]<\/p>\n<h2><strong><span style=\"font-family: ABeeZee; color: #6d6d6d;\">INCLUSIVIT\u00c9 EN MATI\u00c8RE DE LANGUE AU CANADA<\/span><\/strong><\/h2>\n<p>[\/et_pb_text][\/et_pb_column][\/et_pb_row][\/et_pb_section][et_pb_section fb_built=&#8221;1&#8243; _builder_version=&#8221;4.27.0&#8243; _module_preset=&#8221;default&#8221; global_colors_info=&#8221;{}&#8221;][et_pb_row make_equal=&#8221;on&#8221; _builder_version=&#8221;4.20.0&#8243; _module_preset=&#8221;default&#8221; custom_padding=&#8221;0px||0px||true|false&#8221; global_colors_info=&#8221;{}&#8221;][et_pb_column type=&#8221;4_4&#8243; _builder_version=&#8221;4.20.0&#8243; _module_preset=&#8221;default&#8221; global_colors_info=&#8221;{}&#8221;][et_pb_text _builder_version=&#8221;4.27.0&#8243; _module_preset=&#8221;default&#8221; global_colors_info=&#8221;{}&#8221;]<\/p>\n<p style=\"text-align: center;\"><span style=\"font-size: medium;\">L'inclusivit\u00e9 en mati\u00e8re de langue au Canada est n\u00e9cessaire \u00e0 cause de la population multiculturelle.<\/span><\/p>\n<p style=\"text-align: center;\"><span style=\"font-size: medium;\">Reconna\u00eetre l'anglais et le fran\u00e7ais comme langues officielles renforce l'unit\u00e9 nationale et respecte les engagements historiques.<\/span><\/p>\n<p style=\"text-align: center;\"><span style=\"font-size: medium;\">Soutenir les langues autochtones enrichit la diversit\u00e9 culturelle et prot\u00e8ge notre h\u00e9ritage.<\/span><\/p>\n<p style=\"text-align: center;\"><span style=\"font-size: medium;\">L'inclusion langagi\u00e8re assure un acc\u00e8s \u00e9quitable aux services comme les soins de sant\u00e9 et l'\u00e9ducation, promeut les interactions sociales et abolit les barri\u00e8res pour les locutrices et locuteurs non natives et natifs.<\/span><\/p>\n<p style=\"text-align: center;\"><span style=\"font-size: medium;\">Cela am\u00e9liore \u00e9galement les possibilit\u00e9s \u00e9conomiques en encourageant une main-d'\u0153uvre plurilingue qui peut mieux desservir sa collectivit\u00e9 et s'introduire sur les march\u00e9s mondiaux.<\/span><\/p>\n<p style=\"text-align: center;\"><span style=\"font-size: medium;\">Ainsi, au Canada, l'inclusivit\u00e9 langagi\u00e8re est capitale pour la coh\u00e9sion sociale, la pr\u00e9servation culturelle et le d\u00e9veloppement \u00e9conomique.<\/span><\/p>\n<p>[\/et_pb_text][\/et_pb_column][\/et_pb_row][\/et_pb_section][et_pb_section fb_built=&#8221;1&#8243; _builder_version=&#8221;4.27.0&#8243; _module_preset=&#8221;default&#8221; global_colors_info=&#8221;{}&#8221;][et_pb_row _builder_version=&#8221;4.27.0&#8243; _module_preset=&#8221;default&#8221; global_colors_info=&#8221;{}&#8221;][et_pb_column type=&#8221;4_4&#8243; _builder_version=&#8221;4.27.0&#8243; _module_preset=&#8221;default&#8221; global_colors_info=&#8221;{}&#8221;][et_pb_post_slider include_categories=&#8221;8&#8243; _builder_version=&#8221;4.27.0&#8243; _module_preset=&#8221;default&#8221; custom_padding=&#8221;||112px|||&#8221; hover_enabled=&#8221;0&#8243; global_colors_info=&#8221;{}&#8221; border_radii=&#8221;on|25px|25px|25px|25px&#8221; sticky_enabled=&#8221;0&#8243;][\/et_pb_post_slider][\/et_pb_column][\/et_pb_row][\/et_pb_section]<\/p>","protected":false},"excerpt":{"rendered":"<p>LANGUAGE INCLUSION IN CANADALanguage inclusion in Canada is essential due to its multicultural population. Recognizing both English and French as official languages fosters national unity and respects historical commitments. Supporting indigenous languages enriches cultural diversity and preserves heritage. Language inclusion ensures equitable access to services like healthcare and education, promoting social integration and reducing barriers [&hellip;]<\/p>","protected":false},"author":1,"featured_media":0,"parent":0,"menu_order":0,"comment_status":"closed","ping_status":"closed","template":"","meta":{"_et_pb_use_builder":"on","_et_pb_old_content":"","_et_gb_content_width":"","footnotes":""},"class_list":["post-1874","page","type-page","status-publish","hentry"],"_links":{"self":[{"href":"https:\/\/localizzzcanada.com\/fr\/wp-json\/wp\/v2\/pages\/1874","targetHints":{"allow":["GET"]}}],"collection":[{"href":"https:\/\/localizzzcanada.com\/fr\/wp-json\/wp\/v2\/pages"}],"about":[{"href":"https:\/\/localizzzcanada.com\/fr\/wp-json\/wp\/v2\/types\/page"}],"author":[{"embeddable":true,"href":"https:\/\/localizzzcanada.com\/fr\/wp-json\/wp\/v2\/users\/1"}],"replies":[{"embeddable":true,"href":"https:\/\/localizzzcanada.com\/fr\/wp-json\/wp\/v2\/comments?post=1874"}],"version-history":[{"count":8,"href":"https:\/\/localizzzcanada.com\/fr\/wp-json\/wp\/v2\/pages\/1874\/revisions"}],"predecessor-version":[{"id":1906,"href":"https:\/\/localizzzcanada.com\/fr\/wp-json\/wp\/v2\/pages\/1874\/revisions\/1906"}],"wp:attachment":[{"href":"https:\/\/localizzzcanada.com\/fr\/wp-json\/wp\/v2\/media?parent=1874"}],"curies":[{"name":"wp","href":"https:\/\/api.w.org\/{rel}","templated":true}]}}